{"id":2,"date":"2023-07-31T09:52:12","date_gmt":"2023-07-31T09:52:12","guid":{"rendered":"https:\/\/baysalkartela.com\/?page_id=2"},"modified":"2023-08-02T11:37:41","modified_gmt":"2023-08-02T11:37:41","slug":"hakkimizda","status":"publish","type":"page","link":"https:\/\/baysalkartela.com\/index.php\/hakkimizda\/","title":{"rendered":"Hakk\u0131m\u0131zda"},"content":{"rendered":"\n<p>Baysal Kartela \u015eirketi olarak 2020\u2019de kurulan firmam\u0131z, \u00fcretim konusundaki kalite anlay\u0131\u015f\u0131 ve firma memnuniyeti ilkelerini koruyarak tekstil \u00fcr\u00fcnleri \u00fcreticilerinin ve toptanc\u0131lar\u0131n\u0131n vazge\u00e7ilmez bir partneri olarak tutarl\u0131 ve h\u0131zl\u0131 ad\u0131mlarla sekt\u00f6r\u00fcnde \u00f6nemli bir konuma gelmi\u015ftir.<br><br>K\u0131sa vadeli ticaret mant\u0131\u011f\u0131ndan uzak bir \u015fekilde daha modern, kaliteli ve yenilik\u00e7i \u00fcretim anlay\u0131\u015f\u0131 i\u00e7inde, m\u00fc\u015fterilerimizin beklenti ve ihtiya\u00e7lar\u0131 do\u011frultusunda; \u00fcr\u00fcn yap\u0131m\u0131z\u0131 \u00e7e\u015fitlendirmek, kalitemizi geli\u015ftirmek ve memnuniyet sa\u011flamak i\u00e7in t\u00fcm g\u00fcc\u00fcm\u00fczle \u00e7al\u0131\u015fmaktay\u0131z.<br><br>Firmam\u0131za duyulan g\u00fcven; d\u00fcr\u00fcstl\u00fck, verimlilik, kalite, ekonomik fiyat, sat\u0131\u015f sonras\u0131 \u00fcr\u00fcn takibi ve m\u00fc\u015fterilerimize duydu\u011fumuz sayg\u0131n\u0131n bir sonucu olup nitelikli hizmet vermenin hakl\u0131 gururu i\u00e7erisindeyiz.<br>En yeni makine parkuru ve uzman kadromuzla en kaliteli ve en h\u0131zl\u0131 bir \u015fekilde \u00fcretim yapan firmam\u0131z yurt i\u00e7inde geni\u015f \u00e7apta hizmet vermekte, en yeni \u00fcr\u00fcnlerini m\u00fc\u015fterilerle bulu\u015fturmaktad\u0131r.<\/p>\n","protected":false},"excerpt":{"rendered":"<p>Baysal Kartela \u015eirketi olarak 2020\u2019de kurulan firmam\u0131z, \u00fcretim konusundaki kalite anlay\u0131\u015f\u0131 ve firma memnuniyeti ilkelerini koruyarak tekstil \u00fcr\u00fcnleri \u00fcreticilerinin ve toptanc\u0131lar\u0131n\u0131n vazge\u00e7ilmez bir partneri olarak tutarl\u0131 ve h\u0131zl\u0131 ad\u0131mlarla sekt\u00f6r\u00fcnde \u00f6nemli bir konuma gelmi\u015ftir. K\u0131sa vadeli ticaret mant\u0131\u011f\u0131ndan uzak bir \u015fekilde daha modern, kaliteli ve yenilik\u00e7i \u00fcretim anlay\u0131\u015f\u0131 i\u00e7inde, m\u00fc\u015fterilerimizin beklenti ve ihtiya\u00e7lar\u0131 do\u011frultusunda; \u00fcr\u00fcn [&hellip;]<\/p>\n","protected":false},"author":1,"featured_media":0,"parent":0,"menu_order":0,"comment_status":"closed","ping_status":"closed","template":"","meta":{"footnotes":""},"class_list":["post-2","page","type-page","status-publish","hentry"],"_links":{"self":[{"href":"https:\/\/baysalkartela.com\/index.php\/wp-json\/wp\/v2\/pages\/2","targetHints":{"allow":["GET"]}}],"collection":[{"href":"https:\/\/baysalkartela.com\/index.php\/wp-json\/wp\/v2\/pages"}],"about":[{"href":"https:\/\/baysalkartela.com\/index.php\/wp-json\/wp\/v2\/types\/page"}],"author":[{"embeddable":true,"href":"https:\/\/baysalkartela.com\/index.php\/wp-json\/wp\/v2\/users\/1"}],"replies":[{"embeddable":true,"href":"https:\/\/baysalkartela.com\/index.php\/wp-json\/wp\/v2\/comments?post=2"}],"version-history":[{"count":2,"href":"https:\/\/baysalkartela.com\/index.php\/wp-json\/wp\/v2\/pages\/2\/revisions"}],"predecessor-version":[{"id":133,"href":"https:\/\/baysalkartela.com\/index.php\/wp-json\/wp\/v2\/pages\/2\/revisions\/133"}],"wp:attachment":[{"href":"https:\/\/baysalkartela.com\/index.php\/wp-json\/wp\/v2\/media?parent=2"}],"curies":[{"name":"wp","href":"https:\/\/api.w.org\/{rel}","templated":true}]}}