{"id":200,"date":"2023-08-04T12:58:31","date_gmt":"2023-08-04T12:58:31","guid":{"rendered":"https:\/\/baysalkartela.com\/?page_id=200"},"modified":"2023-08-10T06:28:30","modified_gmt":"2023-08-10T06:28:30","slug":"ofset","status":"publish","type":"page","link":"https:\/\/baysalkartela.com\/index.php\/ofset\/","title":{"rendered":"OFSET BASKI"},"content":{"rendered":"<div data-colibri-id=\"200-c1\" class=\"style-417 style-local-200-c1 position-relative\">\r\n  <!---->\r\n  <div data-colibri-component=\"section\" data-colibri-id=\"200-c2\" id=\"about\" class=\"h-section h-section-global-spacing d-flex align-items-lg-center align-items-md-center align-items-center style-418 style-local-200-c2 position-relative\">\r\n    <!---->\r\n    <!---->\r\n    <div class=\"h-section-grid-container h-section-boxed-container\">\r\n      <!---->\r\n      <div data-colibri-id=\"200-c3\" class=\"h-row-container gutters-row-lg-0 gutters-row-md-0 gutters-row-0 gutters-row-v-lg-0 gutters-row-v-md-0 gutters-row-v-0 style-419 style-local-200-c3 position-relative\">\r\n        <!---->\r\n        <div class=\"h-row justify-content-lg-center justify-content-md-center justify-content-center align-items-lg-stretch align-items-md-stretch align-items-stretch gutters-col-lg-0 gutters-col-md-0 gutters-col-0 gutters-col-v-lg-0 gutters-col-v-md-0 gutters-col-v-0\">\r\n          <!---->\r\n          <div class=\"h-column h-column-container d-flex h-col-lg-auto h-col-md-auto h-col-auto style-420-outer style-local-200-c4-outer\">\r\n            <div data-colibri-id=\"200-c4\" class=\"d-flex h-flex-basis h-column__inner h-px-lg-0 h-px-md-0 h-px-0 v-inner-lg-0 v-inner-md-0 v-inner-0 style-420 style-local-200-c4 position-relative\">\r\n              <!---->\r\n              <!---->\r\n              <div class=\"w-100 h-y-container h-column__content h-column__v-align flex-basis-100 align-self-lg-start align-self-md-start align-self-start\">\r\n                <!---->\r\n                <div data-colibri-id=\"200-c5\" class=\"h-global-transition-all h-heading style-422 style-local-200-c5 position-relative h-element\">\r\n                  <!---->\r\n                  <div class=\"h-heading__outer style-422 style-local-200-c5\">\r\n                    <!---->\r\n                    <!---->\r\n                    <h2 class=\"\"><em style=\"font-family: &quot;Playfair Display&quot;;\">Ofset<\/em><\/h2>\r\n                  <\/div>\r\n                <\/div>\r\n                <div data-colibri-id=\"200-c6\" class=\"h-text h-text-component style-423 style-local-200-c6 position-relative h-element\">\r\n                  <!---->\r\n                  <!---->\r\n                  <div class=\"\">\r\n                    <p>\r\n                      <br>\r\n                    <\/p>\r\n                    <p>\r\n                      <br>\r\n                    <\/p>\r\n                    <p>Pantone renk kartelas\u0131ndan tercih etti\u011finiz rengin matbaam\u0131z taraf\u0131ndan en \u00fcst kalitede uygulanmas\u0131 ile \u00fcretilen kartela ba\u015fl\u0131\u011f\u0131d\u0131r.<\/p>\r\n                    <p>\r\n                      <br>\r\n                    <\/p>\r\n                    <p>\r\n                      <br>\r\n                    <\/p>\r\n                    <p>\r\n                      <br>\r\n                    <\/p>\r\n                  <\/div>\r\n                <\/div>\r\n              <\/div>\r\n            <\/div>\r\n          <\/div>\r\n          <div class=\"h-column h-column-container d-flex h-col-lg-auto h-col-md-auto h-col-auto style-424-outer style-local-200-c7-outer\">\r\n            <div data-colibri-id=\"200-c7\" class=\"d-flex h-flex-basis h-column__inner h-ui-empty-state-container h-px-lg-2 h-px-md-2 h-px-2 v-inner-lg-2 v-inner-md-2 v-inner-2 style-424 style-local-200-c7 position-relative\">\r\n              <!---->\r\n              <!---->\r\n              <div class=\"w-100 h-y-container h-column__content h-column__v-align flex-basis-100\">\r\n                <!---->\r\n              <\/div>\r\n            <\/div>\r\n          <\/div>\r\n        <\/div>\r\n      <\/div>\r\n    <\/div>\r\n  <\/div>\r\n<\/div>","protected":false},"excerpt":{"rendered":"<p>Ofset Pantone renk kartelas\u0131ndan tercih etti\u011finiz rengin matbaam\u0131z taraf\u0131ndan en \u00fcst kalitede uygulanmas\u0131 ile \u00fcretilen kartela ba\u015fl\u0131\u011f\u0131d\u0131r.<\/p>\n","protected":false},"author":1,"featured_media":0,"parent":0,"menu_order":0,"comment_status":"closed","ping_status":"closed","template":"page-templates\/full-width-page.php","meta":{"footnotes":""},"class_list":["post-200","page","type-page","status-publish","hentry"],"_links":{"self":[{"href":"https:\/\/baysalkartela.com\/index.php\/wp-json\/wp\/v2\/pages\/200","targetHints":{"allow":["GET"]}}],"collection":[{"href":"https:\/\/baysalkartela.com\/index.php\/wp-json\/wp\/v2\/pages"}],"about":[{"href":"https:\/\/baysalkartela.com\/index.php\/wp-json\/wp\/v2\/types\/page"}],"author":[{"embeddable":true,"href":"https:\/\/baysalkartela.com\/index.php\/wp-json\/wp\/v2\/users\/1"}],"replies":[{"embeddable":true,"href":"https:\/\/baysalkartela.com\/index.php\/wp-json\/wp\/v2\/comments?post=200"}],"version-history":[{"count":5,"href":"https:\/\/baysalkartela.com\/index.php\/wp-json\/wp\/v2\/pages\/200\/revisions"}],"predecessor-version":[{"id":395,"href":"https:\/\/baysalkartela.com\/index.php\/wp-json\/wp\/v2\/pages\/200\/revisions\/395"}],"wp:attachment":[{"href":"https:\/\/baysalkartela.com\/index.php\/wp-json\/wp\/v2\/media?parent=200"}],"curies":[{"name":"wp","href":"https:\/\/api.w.org\/{rel}","templated":true}]}}